{"id":3,"date":"2023-08-30T11:44:45","date_gmt":"2023-08-30T09:44:45","guid":{"rendered":"https:\/\/www.chalavanduc.fr\/?page_id=3"},"modified":"2024-01-02T14:05:35","modified_gmt":"2024-01-02T13:05:35","slug":"mentions-legales","status":"publish","type":"page","link":"https:\/\/www.chalavanduc.fr\/en\/mentions-legales\/","title":{"rendered":"Mentions l\u00e9gales"},"content":{"rendered":"<h2 class=\"wp-block-heading\">1 &#8211; \u00c9dition du site<\/h2>\n\n\n\n<p>En vertu de&nbsp;<a href=\"https:\/\/www.legifrance.gouv.fr\/affichTexte.do?cidTexte=JORFTEXT000000801164#LEGIARTI000042038977\" target=\"_blank\" rel=\"noreferrer noopener\">l&rsquo;article 6 de la loi n\u00b0 2004-575 du 21 juin 2004<\/a>&nbsp;pour la confiance dans l&rsquo;\u00e9conomie num\u00e9rique, il est pr\u00e9cis\u00e9 aux utilisateurs du site internet&nbsp;<strong>http:\/\/www.chalavanduc.fr<\/strong>&nbsp;l&rsquo;identit\u00e9 des diff\u00e9rents intervenants dans le cadre de sa r\u00e9alisation et de son suivi:<\/p>\n\n\n\n<p><strong>Propri\u00e9taire du site :&nbsp;<\/strong>TRANSPORTS CHALAVAN ET DUC&nbsp;&#8211; Contact :&nbsp;contact@chalavanduc.fr&nbsp;04 75 01 65 00&nbsp;&#8211; Adresse :&nbsp;ZA du Meyrol 26200 Mont\u00e9limar.<\/p>\n\n\n\n<p><strong>Identification de l&rsquo;entreprise :<\/strong>\u00a0SAS\u00a0TRANSPORTS CHALAVAN ET DUC\u00a0au capital social de\u00a03000000\u20ac &#8211; SIREN :\u00a0732980479\u00a0&#8211; RCS ou RM :\u00a0Romans B 732 980 479\u00a0&#8211; Adresse postale :\u00a0ZA du Meyrol 26200 Mont\u00e9limar<\/p>\n\n\n\n<p><strong>Directeur de la publication :\u00a0<\/strong>&#8211; Contact :\u00a0TRANSPORTS CHALAVAN ET DUC.<\/p>\n\n\n\n<p><strong>H\u00e9bergeur :<\/strong>&nbsp;OVH SAS &#8211; 2 rue Kellermann &#8211; BP 80157 &#8211; 59053 Roubaix Cedex 1 &#8211; T\u00e9l\u00e9phone : 1007<\/p>\n\n\n\n<p><strong>D\u00e9l\u00e9gu\u00e9 \u00e0 la protection des donn\u00e9es :\u00a0<\/strong>TRANSPORTS CHALAVAN ET DUC\u00a0&#8211;\u00a0contact@chalavanduc.fr<\/p>\n\n\n\n<hr class=\"wp-block-separator has-alpha-channel-opacity\"\/>\n\n\n\n<h2 class=\"wp-block-heading\">2 &#8211; Propri\u00e9t\u00e9 intellectuelle et contrefa\u00e7ons.<\/h2>\n\n\n\n<p><strong>TRANSPORTS CHALAVAN ET DUC<\/strong>&nbsp;est propri\u00e9taire des droits de propri\u00e9t\u00e9 intellectuelle et d\u00e9tient les droits d\u2019usage sur tous les \u00e9l\u00e9ments accessibles sur le site internet, notamment les textes, images, graphismes, logos, vid\u00e9os, architecture, ic\u00f4nes et sons.<\/p>\n\n\n\n<p>Toute reproduction, repr\u00e9sentation, modification, publication, adaptation de tout ou partie des \u00e9l\u00e9ments du site, quel que soit le moyen ou le proc\u00e9d\u00e9 utilis\u00e9, est interdite, sauf autorisation \u00e9crite pr\u00e9alable de&nbsp;<strong>TRANSPORTS CHALAVAN ET DUC<\/strong>.<\/p>\n\n\n\n<p>Toute exploitation non autoris\u00e9e du site ou de l\u2019un quelconque des \u00e9l\u00e9ments qu\u2019il contient sera consid\u00e9r\u00e9e comme constitutive d\u2019une contrefa\u00e7on et poursuivie conform\u00e9ment aux dispositions des articles&nbsp;<a href=\"https:\/\/www.legifrance.gouv.fr\/affichCodeArticle.do?idArticle=LEGIARTI000032655082&amp;cidTexte=LEGITEXT000006069414&amp;dateTexte=20160605\" target=\"_blank\" rel=\"noreferrer noopener\">L.335-2 et suivants du Code de Propri\u00e9t\u00e9 Intellectuelle<\/a>.<\/p>\n\n\n\n<hr class=\"wp-block-separator has-alpha-channel-opacity\"\/>\n\n\n\n<h2 class=\"wp-block-heading\">3 &#8211; Limitations de responsabilit\u00e9.<\/h2>\n\n\n\n<p><strong>TRANSPORTS CHALAVAN ET DUC<\/strong>&nbsp;ne pourra \u00eatre tenu pour responsable des dommages directs et indirects caus\u00e9s au mat\u00e9riel de l\u2019utilisateur, lors de l\u2019acc\u00e8s au site&nbsp;<strong>http:\/\/www.chalavanduc.fr<\/strong>.<\/p>\n\n\n\n<p><strong>TRANSPORTS CHALAVAN ET DUC<\/strong>&nbsp;d\u00e9cline toute responsabilit\u00e9 quant \u00e0 l\u2019utilisation qui pourrait \u00eatre faite des informations et contenus pr\u00e9sents sur&nbsp;<strong>http:\/\/www.chalavanduc.fr<\/strong>.<\/p>\n\n\n\n<p><strong>TRANSPORTS CHALAVAN ET DUC<\/strong>&nbsp;s\u2019engage \u00e0 s\u00e9curiser au mieux le site&nbsp;<strong>http:\/\/www.chalavanduc.fr<\/strong>, cependant sa responsabilit\u00e9 ne pourra \u00eatre mise en cause si des donn\u00e9es ind\u00e9sirables sont import\u00e9es et install\u00e9es sur son site \u00e0 son insu.<\/p>\n\n\n\n<p>Des espaces interactifs (espace contact ou commentaires) sont \u00e0 la disposition des utilisateurs.&nbsp;<strong>TRANSPORTS CHALAVAN ET DUC<\/strong>&nbsp;se r\u00e9serve le droit de supprimer, sans mise en demeure pr\u00e9alable, tout contenu d\u00e9pos\u00e9 dans cet espace qui contreviendrait \u00e0 la l\u00e9gislation applicable en France, en particulier aux dispositions relatives \u00e0 la protection des donn\u00e9es.<\/p>\n\n\n\n<p>Le cas \u00e9ch\u00e9ant,&nbsp;<strong>TRANSPORTS CHALAVAN ET DUC<\/strong>&nbsp;se r\u00e9serve \u00e9galement la possibilit\u00e9 de mettre en cause la responsabilit\u00e9 civile et\/ou p\u00e9nale de l\u2019utilisateur, notamment en cas de message \u00e0 caract\u00e8re raciste, injurieux, diffamant, ou pornographique, quel que soit le support utilis\u00e9 (texte, photographie \u2026).<\/p>\n\n\n\n<hr class=\"wp-block-separator has-alpha-channel-opacity\"\/>\n\n\n\n<h2 class=\"wp-block-heading\">4 &#8211; CNIL et gestion des donn\u00e9es personnelles.<\/h2>\n\n\n\n<p>Conform\u00e9ment aux dispositions de&nbsp;<a href=\"https:\/\/www.legifrance.gouv.fr\/affichTexte.do?cidTexte=JORFTEXT000000886460\" target=\"_blank\" rel=\"noreferrer noopener\">la loi 78-17 du 6 janvier 1978 modifi\u00e9e<\/a>, l\u2019utilisateur du site&nbsp;<strong>http:\/\/www.chalavanduc.fr<\/strong>&nbsp;dispose d\u2019un droit d\u2019acc\u00e8s, de modification et de suppression des informations collect\u00e9es. Pour exercer ce droit, envoyez un message \u00e0 notre D\u00e9l\u00e9gu\u00e9 \u00e0 la Protection des Donn\u00e9es :&nbsp;<strong>TRANSPORTS CHALAVAN ET DUC<\/strong>&nbsp;&#8211;&nbsp;<strong>contact@chalavanduc.fr<\/strong>.<\/p>\n\n\n\n<p>Pour plus d&rsquo;informations sur la fa\u00e7on dont nous traitons vos donn\u00e9es (type de donn\u00e9es, finalit\u00e9, destinataire&#8230;), lisez notre\u00a0<strong>http:\/\/www.chalavanduc.fr\/mentions-legales<\/strong>.<\/p>\n\n\n\n<hr class=\"wp-block-separator has-alpha-channel-opacity\"\/>\n\n\n\n<h2 class=\"wp-block-heading\">5 &#8211; Liens hypertextes et cookies<\/h2>\n\n\n\n<p>Le site&nbsp;<strong>http:\/\/www.chalavanduc.fr<\/strong>&nbsp;contient des liens hypertextes vers d\u2019autres sites et d\u00e9gage toute responsabilit\u00e9 \u00e0 propos de ces liens externes ou des liens cr\u00e9\u00e9s par d\u2019autres sites vers&nbsp;<strong>http:\/\/www.chalavanduc.fr<\/strong>.<\/p>\n\n\n\n<p>La navigation sur le site&nbsp;<strong>http:\/\/www.chalavanduc.fr<\/strong>&nbsp;est susceptible de provoquer l\u2019installation de cookie(s) sur l\u2019ordinateur de l\u2019utilisateur.<\/p>\n\n\n\n<p>Un \u00ab\u00a0cookie\u00a0\u00bb est un fichier de petite taille qui enregistre des informations relatives \u00e0 la navigation d\u2019un utilisateur sur un site. Les donn\u00e9es ainsi obtenues permettent d&rsquo;obtenir des mesures de fr\u00e9quentation, par exemple.<\/p>\n\n\n\n<p>Vous avez la possibilit\u00e9&nbsp;<strong>d\u2019accepter ou de refuser les cookies<\/strong>&nbsp;en modifiant les param\u00e8tres de votre navigateur. Aucun cookie ne sera d\u00e9pos\u00e9 sans votre consentement.<\/p>\n\n\n\n<p>Les cookies sont enregistr\u00e9s pour une dur\u00e9e maximale de&nbsp;mois.<\/p>\n\n\n\n<p>Pour plus d&rsquo;informations sur la fa\u00e7on dont nous faisons usage des cookies, lisez notre\u00a0<strong>http:\/\/www.chalavanduc.fr\/mentions-legales<\/strong>.<\/p>\n\n\n\n<hr class=\"wp-block-separator has-alpha-channel-opacity\"\/>\n\n\n\n<h2 class=\"wp-block-heading\">6 &#8211; Droit applicable et attribution de juridiction.<\/h2>\n\n\n\n<p>Tout litige en relation avec l\u2019utilisation du site&nbsp;<strong>http:\/\/www.chalavanduc.fr<\/strong>&nbsp;est soumis au droit fran\u00e7ais. En dehors des cas o\u00f9 la loi ne le permet pas, il est fait attribution exclusive de juridiction aux tribunaux comp\u00e9tents de&nbsp;<strong><\/strong>.<\/p>","protected":false},"excerpt":{"rendered":"<p>1 &#8211; \u00c9dition du site En vertu de&nbsp;l&rsquo;article 6 de la loi n\u00b0 2004-575 du 21 juin 2004&nbsp;pour la confiance dans l&rsquo;\u00e9conomie num\u00e9rique, il est pr\u00e9cis\u00e9 aux utilisateurs du site internet&nbsp;http:\/\/www.chalavanduc.fr&nbsp;l&rsquo;identit\u00e9 des diff\u00e9rents intervenants dans le cadre de sa r\u00e9alisation et de son suivi: Propri\u00e9taire du site :&nbsp;TRANSPORTS CHALAVAN ET DUC&nbsp;&#8211; Contact :&nbsp;contact@chalavanduc.fr&nbsp;04 75 01 [&hellip;]<\/p>","protected":false},"author":1,"featured_media":0,"parent":0,"menu_order":0,"comment_status":"closed","ping_status":"open","template":"","meta":{"inline_featured_image":false,"footnotes":""},"acf":[],"_links":{"self":[{"href":"https:\/\/www.chalavanduc.fr\/en\/wp-json\/wp\/v2\/pages\/3"}],"collection":[{"href":"https:\/\/www.chalavanduc.fr\/en\/wp-json\/wp\/v2\/pages"}],"about":[{"href":"https:\/\/www.chalavanduc.fr\/en\/wp-json\/wp\/v2\/types\/page"}],"author":[{"embeddable":true,"href":"https:\/\/www.chalavanduc.fr\/en\/wp-json\/wp\/v2\/users\/1"}],"replies":[{"embeddable":true,"href":"https:\/\/www.chalavanduc.fr\/en\/wp-json\/wp\/v2\/comments?post=3"}],"version-history":[{"count":2,"href":"https:\/\/www.chalavanduc.fr\/en\/wp-json\/wp\/v2\/pages\/3\/revisions"}],"predecessor-version":[{"id":1200,"href":"https:\/\/www.chalavanduc.fr\/en\/wp-json\/wp\/v2\/pages\/3\/revisions\/1200"}],"wp:attachment":[{"href":"https:\/\/www.chalavanduc.fr\/en\/wp-json\/wp\/v2\/media?parent=3"}],"curies":[{"name":"wp","href":"https:\/\/api.w.org\/{rel}","templated":true}]}}